{"id":76,"date":"2020-09-24T13:58:30","date_gmt":"2020-09-24T13:58:30","guid":{"rendered":"https:\/\/arter-demo.bslthemes.com\/?page_id=76"},"modified":"2025-09-27T13:09:57","modified_gmt":"2025-09-27T13:09:57","slug":"discutons-en","status":"publish","type":"page","link":"https:\/\/seydouhanne.com\/?page_id=76","title":{"rendered":"Discutons-en"},"content":{"rendered":"\t\t<div data-elementor-type=\"wp-page\" data-elementor-id=\"76\" class=\"elementor elementor-76\">\n\t\t\t\t\t\t<section class=\"elementor-section elementor-top-section elementor-element elementor-element-6dfdb6d elementor-section-full_width elementor-hidden-desktop elementor-hidden-tablet elementor-hidden-mobile elementor-section-height-default elementor-section-height-default\" data-id=\"6dfdb6d\" data-element_type=\"section\" data-e-type=\"section\">\n\t\t\t\t\t\t<div class=\"elementor-container elementor-column-gap-no\">\n\t\t\t\t\t<div class=\"elementor-column elementor-col-100 elementor-top-column elementor-element elementor-element-3dad790\" data-id=\"3dad790\" data-element_type=\"column\" data-e-type=\"column\">\n\t\t\t<div class=\"elementor-widget-wrap elementor-element-populated\">\n\t\t\t\t\t\t<div class=\"elementor-element elementor-element-d40b6fc elementor-widget elementor-widget-arter-contact-info\" data-id=\"d40b6fc\" data-element_type=\"widget\" data-e-type=\"widget\" data-widget_type=\"arter-contact-info.default\">\n\t\t\t\t<div class=\"elementor-widget-container\">\n\t\t\t\t\t\n\t\t<!-- container -->\n\t\t<div class=\"container-fluid\">\n\n\t\t<!-- row -->\n\t\t<div class=\"row\">\n\n\t\t  \t\t  <!-- col -->\n\t\t  <div class=\"col-lg-12\">\n\n\t\t    <!-- section title -->\n\t\t    <div class=\"art-section-title\">\n\t\t      <!-- title frame -->\n\t\t      <div class=\"art-title-frame\">\n\t\t        <!-- title -->\n\t\t        <h4 class=\"art-title-h\">\n\t\t    \t<span >\n\t\t          \tContact information\t\t         <\/span>\n\t\t    \t<\/h4>\n\t\t      <\/div>\n\t\t      <!-- title frame end -->\n\t\t    <\/div>\n\t\t    <!-- section title end -->\n\n\t\t  <\/div>\n\t\t  <!-- col end -->\n\t\t  \n\t\t  \t\t  \t\t  <!-- col -->\n\t\t  <div class=\"col-lg-4\">\n\t\t    <!-- contact card -->\n\t\t    <div class=\"art-a art-card\">\n\t\t      <div class=\"art-table p-15-15\">\n\t\t        <div >\n\t        \t\t<ul><li><strong>Country:<\/strong> Canada<\/li><li><strong>City:<\/strong> Toronto<\/li><li><strong>Streat:<\/strong> 20 Dellbank Rd<\/li><\/ul>\t        \t<\/div>\n\t\t      <\/div>\n\t\t    <\/div>\n\t\t    <!-- contact card end -->\n\t\t  <\/div>\n\t\t  <!-- col end -->\n\t\t  \t\t  <!-- col -->\n\t\t  <div class=\"col-lg-4\">\n\t\t    <!-- contact card -->\n\t\t    <div class=\"art-a art-card\">\n\t\t      <div class=\"art-table p-15-15\">\n\t\t        <div >\n\t        \t\t<ul><li><strong>Email:<\/strong> carter.inbox@mail.com<\/li><li><strong>Telegram:<\/strong> @arter<\/li><li><strong>Skype:<\/strong> Arter<\/li><\/ul>\t        \t<\/div>\n\t\t      <\/div>\n\t\t    <\/div>\n\t\t    <!-- contact card end -->\n\t\t  <\/div>\n\t\t  <!-- col end -->\n\t\t  \t\t  <!-- col -->\n\t\t  <div class=\"col-lg-4\">\n\t\t    <!-- contact card -->\n\t\t    <div class=\"art-a art-card\">\n\t\t      <div class=\"art-table p-15-15\">\n\t\t        <div >\n\t        \t\t<ul><li><strong>Support service:<\/strong> +78 (098) 333 11 22<\/li><li><strong>Office:<\/strong> +78 (098) 326 11 22<\/li><li><strong>Personal:<\/strong> +78 (077) 114 26 53<\/li><\/ul>\t        \t<\/div>\n\t\t      <\/div>\n\t\t    <\/div>\n\t\t    <!-- contact card end -->\n\t\t  <\/div>\n\t\t  <!-- col end -->\n\t\t  \t\t  \n\t\t  <\/div>\n\t\t  <!-- row end -->\n\n\t\t<\/div>\n\t\t<!-- container end -->\n\n\t\t\t\t\t\t<\/div>\n\t\t\t\t<\/div>\n\t\t\t\t\t<\/div>\n\t\t<\/div>\n\t\t\t\t\t<\/div>\n\t\t<\/section>\n\t\t\t\t<section class=\"elementor-section elementor-top-section elementor-element elementor-element-409d73f elementor-section-full_width elementor-section-height-default elementor-section-height-default\" data-id=\"409d73f\" data-element_type=\"section\" data-e-type=\"section\">\n\t\t\t\t\t\t<div class=\"elementor-container elementor-column-gap-no\">\n\t\t\t\t\t<div class=\"elementor-column elementor-col-100 elementor-top-column elementor-element elementor-element-a6352f3\" data-id=\"a6352f3\" data-element_type=\"column\" data-e-type=\"column\">\n\t\t\t<div class=\"elementor-widget-wrap elementor-element-populated\">\n\t\t\t\t\t\t<div class=\"elementor-element elementor-element-01b88fc elementor-widget elementor-widget-arter-contact-form\" data-id=\"01b88fc\" data-element_type=\"widget\" data-e-type=\"widget\" data-widget_type=\"arter-contact-form.default\">\n\t\t\t\t<div class=\"elementor-widget-container\">\n\t\t\t\t\t\n\t\t<!-- container -->\n\t\t<div class=\"container-fluid\">\n\n\t\t<!-- row -->\n\t\t<div class=\"row\">\n\n\t\t  \t\t  <!-- col -->\n\t\t  <div class=\"col-lg-12\">\n\n\t\t    <!-- section title -->\n\t\t    <div class=\"art-section-title\">\n\t\t      <!-- title frame -->\n\t\t      <div class=\"art-title-frame\">\n\t\t        <!-- title -->\n\t\t        <h4 class=\"art-title-h\">\n\t\t    \t<span >\n\t\t          \tContactez-nous\t\t         <\/span>\n\t\t    \t<\/h4>\n\t\t      <\/div>\n\t\t      <!-- title frame end -->\n\t\t    <\/div>\n\t\t    <!-- section title end -->\n\n\t\t  <\/div>\n\t\t  <!-- col end -->\n\t\t  \n\t\t  \t\t  <!-- col -->\n\t\t  <div class=\"col-lg-12\">\n\n\t\t  <!-- contact form frame -->\n\t\t  <div class=\"art-a art-card\">\n\t\t\t  \n<div class=\"wpcf7 no-js\" id=\"wpcf7-f9-o1\" lang=\"en-US\" dir=\"ltr\" data-wpcf7-id=\"9\">\n<div class=\"screen-reader-response\"><p role=\"status\" aria-live=\"polite\" aria-atomic=\"true\"><\/p> <ul><\/ul><\/div>\n<form action=\"\/index.php?rest_route=%2Fwp%2Fv2%2Fpages%2F76#wpcf7-f9-o1\" method=\"post\" class=\"wpcf7-form init\" aria-label=\"Contact form\" novalidate=\"novalidate\" data-status=\"init\">\n<fieldset class=\"hidden-fields-container\"><input type=\"hidden\" name=\"_wpcf7\" value=\"9\" \/><input type=\"hidden\" name=\"_wpcf7_version\" value=\"6.1.5\" \/><input type=\"hidden\" name=\"_wpcf7_locale\" value=\"en_US\" \/><input type=\"hidden\" name=\"_wpcf7_unit_tag\" value=\"wpcf7-f9-o1\" \/><input type=\"hidden\" name=\"_wpcf7_container_post\" value=\"0\" \/><input type=\"hidden\" name=\"_wpcf7_posted_data_hash\" value=\"\" \/>\n<\/fieldset>\n<!-- contact form -->\n<div class=\"art-contact-form\">\n    <!-- form field -->\n    <div class=\"art-form-field\">\n        <!-- name input -->\n        <span class=\"wpcf7-form-control-wrap\" data-name=\"your-name\"><input size=\"40\" maxlength=\"400\" class=\"wpcf7-form-control wpcf7-text wpcf7-validates-as-required art-input\" aria-required=\"true\" aria-invalid=\"false\" placeholder=\"Nom\" value=\"\" type=\"text\" name=\"your-name\" \/><\/span>\n        <!-- label -->\n        <label><i class=\"fas fa-user\"><\/i><\/label>\n    <\/div>\n    <!-- form field end -->\n    <!-- form field -->\n    <div class=\"art-form-field\">\n        <!-- email input -->\n        <span class=\"wpcf7-form-control-wrap\" data-name=\"your-email\"><input size=\"40\" maxlength=\"400\" class=\"wpcf7-form-control wpcf7-email wpcf7-validates-as-required wpcf7-text wpcf7-validates-as-email art-input\" aria-required=\"true\" aria-invalid=\"false\" placeholder=\"Email\" value=\"\" type=\"email\" name=\"your-email\" \/><\/span>\n        <!-- label -->\n        <label><i class=\"fas fa-at\"><\/i><\/label>\n    <\/div>\n    <!-- form field end -->\n    <!-- form field -->\n    <div class=\"art-form-field\">\n        <!-- phone input -->\n        <span class=\"wpcf7-form-control-wrap\" data-name=\"your-phone\"><input size=\"40\" maxlength=\"400\" class=\"wpcf7-form-control wpcf7-tel wpcf7-text wpcf7-validates-as-tel art-input\" aria-invalid=\"false\" placeholder=\"T\u00e9l\u00e9phone (optionnel)\" value=\"\" type=\"tel\" name=\"your-phone\" \/><\/span>\n        <!-- label -->\n        <label><i class=\"fas fa-phone\"><\/i><\/label>\n    <\/div>\n    <!-- form field end -->\n    <!-- form field -->\n    <div class=\"art-form-field\">\n        <!-- company input -->\n        <span class=\"wpcf7-form-control-wrap\" data-name=\"your-company\"><input size=\"40\" maxlength=\"400\" class=\"wpcf7-form-control wpcf7-text art-input\" aria-invalid=\"false\" placeholder=\"Entreprise (optionnel)\" value=\"\" type=\"text\" name=\"your-company\" \/><\/span>\n        <!-- label -->\n        <label><i class=\"fas fa-building\"><\/i><\/label>\n    <\/div>\n    <!-- form field end -->\n    <!-- form field -->\n    <div class=\"art-form-field\">\n        <!-- service select -->\n        <span class=\"wpcf7-form-control-wrap\" data-name=\"your-service\"><select class=\"wpcf7-form-control wpcf7-select wpcf7-validates-as-required art-input\" aria-required=\"true\" aria-invalid=\"false\" name=\"your-service\"><option value=\"Service souhait\u00e9\">Service souhait\u00e9<\/option><option value=\"Sites Web Professionnels\">Sites Web Professionnels<\/option><option value=\"Applications Web Personnalis\u00e9es\">Applications Web Personnalis\u00e9es<\/option><option value=\"Refonte et Optimisation\">Refonte et Optimisation<\/option><option value=\"Boutiques en Ligne\">Boutiques en Ligne<\/option><option value=\"Conseil et Accompagnement\">Conseil et Accompagnement<\/option><option value=\"Autre\">Autre<\/option><\/select><\/span>\n        <!-- label -->\n        <label><i class=\"fas fa-cogs\"><\/i><\/label>\n    <\/div>\n    <!-- form field end -->\n    <!-- form field -->\n    <div class=\"art-form-field\">\n        <!-- budget select -->\n        <span class=\"wpcf7-form-control-wrap\" data-name=\"your-budget\"><select class=\"wpcf7-form-control wpcf7-select art-input\" aria-invalid=\"false\" name=\"your-budget\"><option value=\"Budget approximatif (optionnel)\">Budget approximatif (optionnel)<\/option><option value=\"Moins de 1 000\u20ac\">Moins de 1 000\u20ac<\/option><option value=\"1 000\u20ac - 3 000\u20ac\">1 000\u20ac - 3 000\u20ac<\/option><option value=\"3 000\u20ac - 5 000\u20ac\">3 000\u20ac - 5 000\u20ac<\/option><option value=\"5 000\u20ac - 10 000\u20ac\">5 000\u20ac - 10 000\u20ac<\/option><option value=\"Plus de 10 000\u20ac\">Plus de 10 000\u20ac<\/option><option value=\"\u00c0 discuter\">\u00c0 discuter<\/option><\/select><\/span>\n        <!-- label -->\n        <label><i class=\"fas fa-euro-sign\"><\/i><\/label>\n    <\/div>\n    <!-- form field end -->\n    <!-- form field -->\n    <div class=\"art-form-field\">\n        <!-- timeline select -->\n        <span class=\"wpcf7-form-control-wrap\" data-name=\"your-timeline\"><select class=\"wpcf7-form-control wpcf7-select art-input\" aria-invalid=\"false\" name=\"your-timeline\"><option value=\"D\u00e9lai souhait\u00e9 (optionnel)\">D\u00e9lai souhait\u00e9 (optionnel)<\/option><option value=\"Urgent (moins d&#039;1 mois)\">Urgent (moins d&#039;1 mois)<\/option><option value=\"1-2 mois\">1-2 mois<\/option><option value=\"2-3 mois\">2-3 mois<\/option><option value=\"3-6 mois\">3-6 mois<\/option><option value=\"Plus de 6 mois\">Plus de 6 mois<\/option><option value=\"Flexible\">Flexible<\/option><\/select><\/span>\n        <!-- label -->\n        <label><i class=\"fas fa-calendar-alt\"><\/i><\/label>\n    <\/div>\n    <!-- form field end -->\n    <!-- form field -->\n    <div class=\"art-form-field\">\n        <!-- subject input -->\n        <span class=\"wpcf7-form-control-wrap\" data-name=\"your-subject\"><input size=\"40\" maxlength=\"400\" class=\"wpcf7-form-control wpcf7-text wpcf7-validates-as-required art-input\" aria-required=\"true\" aria-invalid=\"false\" placeholder=\"Objet de votre demande\" value=\"\" type=\"text\" name=\"your-subject\" \/><\/span>\n        <!-- label -->\n        <label><i class=\"fas fa-tag\"><\/i><\/label>\n    <\/div>\n    <!-- form field end -->\n    <!-- form field -->\n    <div class=\"art-form-field\">\n        <!-- project description -->\n        <span class=\"wpcf7-form-control-wrap\" data-name=\"your-project\"><textarea cols=\"40\" rows=\"10\" maxlength=\"2000\" class=\"wpcf7-form-control wpcf7-textarea wpcf7-validates-as-required art-input\" aria-required=\"true\" aria-invalid=\"false\" placeholder=\"D\u00e9crivez votre projet : objectifs, fonctionnalit\u00e9s souhait\u00e9es, public cible, contraintes particuli\u00e8res...\" name=\"your-project\"><\/textarea><\/span>\n        <!-- label -->\n        <label><i class=\"fas fa-project-diagram\"><\/i><\/label>\n    <\/div>\n    <!-- form field end -->\n    <!-- form field -->\n    <div class=\"art-form-field\">\n        <!-- additional info -->\n        <span class=\"wpcf7-form-control-wrap\" data-name=\"your-additional-info\"><textarea cols=\"40\" rows=\"10\" maxlength=\"2000\" class=\"wpcf7-form-control wpcf7-textarea art-input\" aria-invalid=\"false\" placeholder=\"Informations compl\u00e9mentaires : inspirations, r\u00e9f\u00e9rences, questions sp\u00e9cifiques... (optionnel)\" name=\"your-additional-info\"><\/textarea><\/span>\n        <!-- label -->\n        <label><i class=\"fas fa-lightbulb\"><\/i><\/label>\n    <\/div>\n    <!-- form field end -->\n    <!-- button -->\n    <div class=\"art-submit-frame\">\n        <button class=\"art-btn art-btn-md art-submit\" type=\"submit\"><span>Envoyer ma demande<\/span><\/button>\n    <\/div>\n<\/div>\n<!-- contact form end --><p style=\"display: none !important;\" class=\"akismet-fields-container\" data-prefix=\"_wpcf7_ak_\"><label>&#916;<textarea name=\"_wpcf7_ak_hp_textarea\" cols=\"45\" rows=\"8\" maxlength=\"100\"><\/textarea><\/label><input type=\"hidden\" id=\"ak_js_1\" name=\"_wpcf7_ak_js\" value=\"205\"\/><script>document.getElementById( \"ak_js_1\" ).setAttribute( \"value\", ( new Date() ).getTime() );<\/script><\/p><div class=\"wpcf7-response-output\" aria-hidden=\"true\"><\/div>\n<\/form>\n<\/div>\n\t\t  <\/div>\n\t\t  <!-- contact form frame end -->\n\n\t\t  <\/div>\n\t\t  <!-- col end -->\n\t\t  \n\t\t<\/div>\n\t\t  <!-- row end -->\n\n\t\t<\/div>\n\t\t<!-- container end -->\n\n\t\t\t\t\t\t<\/div>\n\t\t\t\t<\/div>\n\t\t\t\t\t<\/div>\n\t\t<\/div>\n\t\t\t\t\t<\/div>\n\t\t<\/section>\n\t\t\t\t<\/div>\n\t\t","protected":false},"excerpt":{"rendered":"<p>Contact information Country: Canada City: Toronto Streat: 20 Dellbank Rd Email: carter.inbox@mail.com Telegram: @arter Skype: Arter Support service: +78 (098)&#8230; <\/p>\n<div class=\"art-el-more\"><a href=\"https:\/\/seydouhanne.com\/?page_id=76\" class=\"art-link art-color-link art-w-chevron\">Read more<\/a><\/div>\n","protected":false},"author":1,"featured_media":0,"parent":0,"menu_order":0,"comment_status":"closed","ping_status":"closed","template":"template-layout-builder.php","meta":{"_acf_changed":false,"_monsterinsights_skip_tracking":false,"_monsterinsights_sitenote_active":false,"_monsterinsights_sitenote_note":"","_monsterinsights_sitenote_category":0,"footnotes":""},"class_list":["post-76","page","type-page","status-publish","hentry"],"acf":[],"_links":{"self":[{"href":"https:\/\/seydouhanne.com\/index.php?rest_route=\/wp\/v2\/pages\/76","targetHints":{"allow":["GET"]}}],"collection":[{"href":"https:\/\/seydouhanne.com\/index.php?rest_route=\/wp\/v2\/pages"}],"about":[{"href":"https:\/\/seydouhanne.com\/index.php?rest_route=\/wp\/v2\/types\/page"}],"author":[{"embeddable":true,"href":"https:\/\/seydouhanne.com\/index.php?rest_route=\/wp\/v2\/users\/1"}],"replies":[{"embeddable":true,"href":"https:\/\/seydouhanne.com\/index.php?rest_route=%2Fwp%2Fv2%2Fcomments&post=76"}],"version-history":[{"count":8,"href":"https:\/\/seydouhanne.com\/index.php?rest_route=\/wp\/v2\/pages\/76\/revisions"}],"predecessor-version":[{"id":389,"href":"https:\/\/seydouhanne.com\/index.php?rest_route=\/wp\/v2\/pages\/76\/revisions\/389"}],"wp:attachment":[{"href":"https:\/\/seydouhanne.com\/index.php?rest_route=%2Fwp%2Fv2%2Fmedia&parent=76"}],"curies":[{"name":"wp","href":"https:\/\/api.w.org\/{rel}","templated":true}]}}